{"id":3,"date":"2022-01-16T16:12:56","date_gmt":"2022-01-16T16:12:56","guid":{"rendered":"https:\/\/cadone.it\/?page_id=3"},"modified":"2025-04-01T08:07:45","modified_gmt":"2025-04-01T08:07:45","slug":"privacy-policy","status":"publish","type":"page","link":"https:\/\/cadone.it\/en\/privacy-policy\/","title":{"rendered":"Privacy Policy"},"content":{"rendered":"<div class=\"vc_wpb_row_inner\"><div class=\"vc_row wpb_row vc_row-fluid row-container\"><div class=\"container\"><div class=\"row\"><div class=\"wpb_column vc_column_container vc_col-sm-12\"><div class=\"vc_column-inner\"><div class=\"wpb_wrapper\">\n\t<div class=\"wpb_text_column wpb_content_element\" >\n\t\t<div class=\"wpb_wrapper\">\n\t\t\t<p class=\"wp-block-heading\"><strong>INFORMATIVA PRIVACY SITO WEB WWW.CADONE.IT artt. 13-14 del Reg.to UE 2016\/679<\/strong><br \/>Con la presente, informiamo gli utenti, ai sensi dell\u2019art. 13-14 del Reg.to UE 2016\/679, in merito al trattamento dei dati personali effettuati tramite questo sito web.<br \/>Il trattamento dei dati personali avviene nel rispetto della vigente normativa in materia di protezione dei dati personali ed \u00e8 improntato ai principi di correttezza, liceit\u00e0, trasparenza e protezione dei dati.<br \/>Precisiamo che tale informativa si riferisce esclusivamente ai dati di coloro che interagiscono con i servizi accessibili a partire dalla home page del sito web: http:\/\/www.cadone.it (di seguito per brevit\u00e0 anche \u201cil Sito\u201d), senza estendersi agli altri siti web eventualmente raggiunti dall\u2019utente tramite i link a partire dal domino di http:\/\/www.cadone.it.<br \/><strong>Il Titolare del trattamento \u00e8:<\/strong><br \/>CAD ONE SRL, con sede in VIA GIACINTO COLLEGNO 18 -10143- Torino (TO) P.IVA e C.F. 06897960016; I recapiti sono: telefono: 011\/247.00.20; fax: 247.08.68; e-mail: info@cadone.it<br \/>Il Responsabile della Protezione dei Dati (DPO \u2013 Data Protection Officer) \u00e8 stato individuato mediante contratto di servizi con la societ\u00e0 Spaziottantotto s.r.l. C.F.\/P.IVA 08283280017, con sede legale in C.so Ferrucci 77\/9 \u2013 10138 Torino, e-mail dpo@spazio88.com<br \/>L\u2019informativa \u00e8 un obbligo generale che va adempiuto prima o al massimo al momento di dare avvio alla raccolta diretta di dati personali. Nel caso di dati personali non raccolti direttamente presso l\u2019interessato, l\u2019informativa va fornita entro un termine ragionevole, oppure al momento della comunicazione (non della registrazione) dei dati (a terzi o all\u2019interessato). Ai sensi del Regolamento Generale per la Protezione dei Dati personali delle persone fisiche (GDPR \u2013 Reg. (UE)2016\/679), la scrivente organizzazione, Titolare del trattamento, informa di quanto segue:<br \/><strong>Fonti e categorie dei dati personali<\/strong><br \/>I dati personali in possesso della scrivente organizzazione sono raccolti direttamente presso gli interessati. Questo sito non raccoglie dati appartenenti a categorie particolari di dati, per i quali si intendono quelli idonei a rivelare l\u2019origine razziale od etnica, le convinzioni religiose filosofiche o di altro genere, le opinioni politiche, adesione a sindacati, associazioni od organizzazioni a carattere religioso, filosofico, politico o sindacale, lo stato di salute e la vita sessuale.<br \/><strong>Dati di navigazione<\/strong><br \/>I sistemi informatici e le procedure software preposte al funzionamento del sito web acquisiscono, nel corso del loro normale esercizio, alcuni dati personali la cui trasmissione \u00e8 implicita nell\u2019uso dei protocolli di comunicazione di Internet. Si tratta di informazioni che non sono raccolte per essere associate a interessati identificati, ma che per loro stessa natura potrebbero, attraverso elaborazioni ed associazioni con dati detenuti da terzi, permettere di identificare gli utenti. In questa categoria di dati rientrano gli indirizzi IP o i nomi a dominio dei computer utilizzati dagli utenti che si connettono al sito, gli indirizzi in notazione URI (Uniform Resource Identifier) delle risorse richieste, l\u2019orario della richiesta, il metodo utilizzato nel sottoporre la richiesta al server, la dimensione del file ottenuto in risposta, il codice numerico indicante lo stato della risposta data dal server (buon fine, errore, ecc.) ed altri parametri relativi al sistema operativo e all\u2019ambiente informatico dell\u2019utente. Questi dati vengono utilizzati al solo fine di ricavare informazioni statistiche anonime sull\u2019uso del sito e per controllarne il corretto funzionamento e vengono cancellati immediatamente dopo l\u2019elaborazione. I dati potrebbero essere utilizzati per l\u2019accertamento di responsabilit\u00e0 in caso di ipotetici reati informatici ai danni del sito.<br \/><strong>Dati di profilazione<\/strong><br \/>Non sono direttamente acquisiti dati di profilazione in merito alle abitudini o scelte di consumo dell\u2019interessato. \u00c8 tuttavia possibile che attraverso link ovvero incorporando elementi di terze parti, siano acquisiti da soggetti autonomi o distinti tali informazioni. Si veda al riguardo la sezione dei Cookie di terze parti.<br \/><strong>Cookie<\/strong><br \/>Come altri, questo sito web salva i cookie sul browser usato dall\u2019utente interessato per la trasmissione di informazioni di carattere personale e per potenziarne l\u2019esperienza. Infatti i cookie sono stringhe di testo di piccole dimensioni che i siti visitati dall\u2019utente inviano al suo terminale (solitamente al browser), dove vengono memorizzati, a volte anche con caratteristiche di ampia persistenza temporale, per essere poi ritrasmessi agli stessi siti alla successiva visita.<br \/>Come spiegato nel seguito, \u00e8 possibile scegliere se e quali cookie accettare, tenendo presente che rifiutarne l\u2019uso pu\u00f2 influire sulla capacit\u00e0 di compiere alcune transazioni sul sito o sulla precisione ed adeguatezza di alcuni contenuti personalizzabili proposti o sulla capacit\u00e0 di riconoscere l\u2019utente da una visita a quella successiva. Nel caso non si compiesse alcuna scelta al riguardo, saranno applicate le impostazioni predefinite e tutti i cookie, solo quelli necessari, saranno attivati: comunque, in qualunque momento, si potr\u00e0 comunicare o modificare le decisioni al riguardo.<br \/>Il \u201cSito\u201d (http:\/\/www.cadone.it) utilizza i cookie per rendere i propri servizi semplici ed efficienti per l\u2019utenza che visiona le pagine del Sito. Gli utenti che visionano il Sito vedranno inserite delle quantit\u00e0 minime di informazioni nei dispositivi in uso, che siano computer e periferiche mobili, in piccoli file di testo denominati \u201ccookie\u201d salvati nelle directory utilizzate dal browser web dell\u2019Utente. Vi sono vari tipi di cookie, alcuni per rendere pi\u00f9 efficace l\u2019uso del Sito, altri per abilitare determinate funzionalit\u00e0.<br \/>Analizzandoli in maniera particolareggiata i nostri cookie permettono di:<br \/>&#8211; memorizzare le preferenze inserite;<br \/>&#8211; evitare di reinserire le stesse informazioni pi\u00f9 volte durante la visita quali ad esempio nome utente e password;<br \/>&#8211; analizzare l\u2019utilizzo dei servizi e dei contenuti forniti da http:\/\/www.cadone.it per ottimizzarne l\u2019esperienza di navigazione e i servizi offerti.<br \/><strong>Tipologie di Cookie<\/strong><br \/>I cookie possono essere classificati secondo le seguenti casistiche:<br \/><strong>DURATA<\/strong><br \/>Cookie di sessione: questi cookie vengono automaticamente eliminati al termine della tua sessione di navigazione (quando chiudi il browser web)<br \/>Cookie persistenti: sono cookie che possiedono una scadenza preimpostata e rimangono installati anche dopo la sessione di navigazione. Una volta raggiunta la data di scadenza, il cookie verr\u00e0 automaticamente cancellato.<br \/><strong>PARTE<\/strong><br \/>Cookie di prima parte: sono cookie creati dal Sito web, il cui accesso \u00e8 riservato al gestore del Sito<br \/>Cookie di terze parti: sono cookie installati sul Sito web da terze parti (autonome rispetto al Titolare del Trattamento) per integrare all\u2019interno del Sito ulteriori funzionalit\u00e0 sviluppate da terzi all\u2019interno delle pagine del Sito, come ad esempio le icone e le preferenze espresse nei social network al fine di condivisione dei contenuti, o favorire analisi dell\u2019utilizzo delle pagine web.<br \/><strong>FUNZIONALIT\u00c0<\/strong><br \/>Cookie tecnici\/necessari: sono cookie che servono a garantire il corretto funzionamento del Sito, ad esempio garantendo una visualizzazione in scala della pagina web rispetto al monitor utilizzato, oppure a trasmettere identificativi di sessione (costituiti da numeri casuali generati dal server) necessari per consentire l\u2019esplorazione sicura ed efficiente del Sito, senza che avvenga l\u2019acquisizione di dati personali identificativi dell\u2019utente.<br \/>All\u2019interno del sito internet sono installati i seguenti cookies:<br \/><em>cookieyes-consent:<\/em> cookie di tipo necessario fornito da Cookie<br \/>Yes il cui scopo \u00e8 quello di ricordare le preferenze espresse dall\u2019utente su quali cookie far installare. Ha la durata di un anno, ed \u00e8 di primo livello in quanto installato sul sito internet di Cad One.<\/p>\n<p>Queste tipologie di cookie non richiedono il consenso da parte dell\u2019utente, e sono sempre attivi.<\/p>\n<p>&nbsp;<\/p>\n<pre class=\"wp-block-code\"><code>        Cookie funzionali questi cookie aiutano a svolgere determinate funzionalit\u00e0 come la condivisione del contenuto del sito Web su piattaforme di social media, la raccolta di feedback e altre funzionalit\u00e0 di terze parti.<\/code><\/pre>\n<p>Questa tipologia di cookie richiede il consenso da parte dell\u2019utente per poter essere installate.<br \/>Cookie statistici: cookie utilizzati per capire come i visitatori interagiscano con i contenuti del Sito, raccogliendo informazioni (provenienza geografica e web, tecnologia usata, lingua, pagine di ingresso, visitate, di uscita, tempi di permanenza, ecc.) e generando statistiche di utilizzo del Sito web senza identificazione personale dei singoli visitatori.<br \/>Queste tipologie di cookie richiedono il consenso all\u2019installazione da parte dell\u2019utente, tranne nel caso in cui, nel rispetto di quanto previsto dal Provvedimento del Garante per la Protezione dei Dati Personali n.231 del 10 giugno 2021 \u201cLinee Guida cookie ed altri strumenti di tracciamento\u201d essi vengano utilizzati per produrre statistiche aggregate, vengano adottate misure per mascherare l\u2019IP dell\u2019utente, e non avvenga incrocio con altri dati in grado di identificare l\u2019utente.<br \/>Cookie di marketing \/tracciamento: sono cookie che hanno lo scopo di tracciare i visitatori sul Sito web, allo scopo di presentare annunci pubblicitari che siano rilevanti e coinvolgenti per il singolo utente e quindi di maggior valore per editori e inserzionisti di terze parti.<br \/>All\u2019interno del sito internet sono installati i seguenti cookies:<br \/>YSC: cookie di tipo pubblicitario fornito da Youtube, il cui scopo \u00e8 quello di archiviare e monitorare l&#8217;interazione dell\u2019utente. Ha una durata correlata alla sessione, ed \u00e8 di terzo livello.<br \/>VISITOR_INFO1_LIVE: cookie di tipo pubblicitario fornito da Youtube, il cui scopo \u00e8 quello di fornire la pubblicazione di annunci o il retargeting, archiviare e tracciare l&#8217;identit\u00e0 di un visitatore, archiviare e monitorare l&#8217;interazione. Ha una durata di sei mesi, ed \u00e8 di terzo livello.<\/p>\n<p>Queste tipologie di cookie richiedono il consenso all\u2019installazione da parte dell\u2019utente.<\/p>\n<p><strong>COME MODIFICARE LE SCELTE RELATIVE AI COOKIE TRAMITE IL SITO?<\/strong><br \/><strong>Disabilitazione dei cookie<\/strong><br \/>Quasi tutti i browser offrono la possibilit\u00e0 di gestire e non abilitare i cookie, in modo da rispettare le preferenze degli utenti. In alcuni browser \u00e8 possibile impostare regole per gestire i cookie sito per sito, opzione che offre un controllo pi\u00f9 preciso sulla privacy dell\u2019utente; un\u2019altra funzione disponibile su alcuni browser \u00e8 la modalit\u00e0 di navigazione in incognito, in modo che tutti i cookie creati in questa modalit\u00e0 siano eliminati dopo la chiusura.<br \/>Consultare le seguenti istruzioni per la gestione dei cookie nei relativi browser:<br \/>&#8211; Chrome<br \/>&#8211; Firefox<br \/>&#8211; Edge<br \/>&#8211; Safari<br \/><strong>Dati forniti volontariamente dall\u2019utente<br \/><\/strong>L\u2019invio facoltativo, esplicito e volontario di posta elettronica agli indirizzi indicati sul sito comporta la successiva acquisizione dell\u2019indirizzo del mittente, necessario per rispondere alle richieste, nonch\u00e9 degli eventuali altri dati personali inseriti nell\u2019email. Anche l\u2019invio, esplicito e volontario dei moduli compilabili sul sito contenenti dati dell\u2019interessato comporta il trattamento per dare seguito agli obblighi precontrattuali o all\u2019esecuzione dei servizi previsti con l\u2019invio dei moduli. Tali informazioni nei moduli possono riguardare dati anagrafici, di contatto, recapiti, numeri di telefono, indirizzi e-mail degli interessati e di terzi identificati e identificabili aventi causa con l\u2019utente del sito. Comunque, specifiche informative di sintesi saranno progressivamente riportate o visualizzate nelle pagine del sito predisposte per particolari servizi a richiesta.<br \/><strong>Finalit\u00e0 e basi giuridiche del trattamento<\/strong><br \/>I dati personali sono utilizzati (rif. artt.6 co.1 lett. b) del GDPR): per consentire la navigazione sul sito ed eventualmente per eseguire il servizio o la prestazione richiesta nell\u2019ambito della normale attivit\u00e0 svolta dalla scrivente organizzazione.<br \/>Inoltre, tutti i dati personali possono essere trattati:<br \/>per finalit\u00e0 connesse a obblighi previsti da leggi, nonch\u00e9 da disposizioni impartite da autorit\u00e0 a ci\u00f2 legittimate dalla legge (rif. artt. 6 co. 1 lett. c) e 9 co. 2 lett. b), g), h) del GDPR);<br \/>per l\u2019accertamento, l\u2019esercizio o la difesa di un diritto in sede giudiziale e stragiudiziale (legittimo interesse) della scrivente organizzazione (rif. artt. 6 co. 1 lett. f) e 9 co. 2 lett. f) del GDPR);<br \/><strong>Conseguenze del rifiuto di conferire i dati<\/strong><br \/>Il conferimento dei dati raccolti presso l\u2019interessato \u00e8 facoltativo ma indispensabile al fine dell\u2019elaborazione degli stessi per le finalit\u00e0 alle lettere a) e b). Nel caso in cui gli interessati non comunichino i propri dati indispensabili e non permettano il trattamento, non sar\u00e0 possibile procedere all\u2019espletamento e messa in atto dei servizi proposti e dar seguito agli obblighi contrattuali intrapresi, con conseguente pregiudizio per il corretto assolvimento di obblighi normativi, quali ad es. quelli contabili, fiscali e amministrativi, ecc.<br \/>A parte quanto specificato per i dati di navigazione, l\u2019utente \u00e8 libero di fornire i dati personali per i cookie e richieste specifiche mediante moduli ad es. su prodotti e\/o servizi. Il loro mancato conferimento pu\u00f2 comportare l\u2019impossibilit\u00e0 di ottenere quanto richiesto. Per tutti i dati non indispensabili, compresi quelli appartenenti a categorie particolari, il conferimento \u00e8 facoltativo. In mancanza di consenso o di conferimento incompleto od errato di taluni dati, compresi quelli appartenenti a categorie particolari, gli adempimenti richiesti potrebbero risultare tanto incompleti da arrecare pregiudizio o in termini di sanzioni o di perdita di benefici, sia per l\u2019impossibilit\u00e0 di garantire la congruit\u00e0 del trattamento stesso alle obbligazioni per cui esso sia eseguito, sia per la possibile mancata corrispondenza dei risultati del trattamento stesso agli obblighi imposti dalle norme di legge cui esso \u00e8 indirizzato, intendendo esoneratala scrivente organizzazione da ogni e qualsiasi responsabilit\u00e0 per le eventuali sanzioni o provvedimenti afflittivi.<br \/><strong>Modalit\u00e0 di trattamento dei dati<\/strong><br \/>I trattamenti connessi ai servizi web del sito sono trattati con strumenti automatizzati per il tempo strettamente necessario a conseguire gli scopi per cui sono stati raccolti; hanno luogo presso il server in Italia o UE e sono curati solo da personale tecnico incaricato del trattamento, oppure da eventuali incaricati di operazioni di manutenzione e amministrazione. Specifiche misure di sicurezza sono osservate per prevenire la perdita dei dati, usi illeciti o non corretti ed accessi non autorizzati e la perdita di riservatezza. La struttura \u00e8 dotata di dispositivi anti-intrusione, firewall, log e disaster recovery. Sono utilizzati meccanismi specifici di cifratura e segregazione dei dati e di autenticazione ed autorizzazione degli utenti.<br \/>Per trattamento dei dati si intende la loro raccolta, registrazione, organizzazione, conservazione, elaborazione, modificazione, cancellazione e distruzione ovvero la combinazione di due o pi\u00f9 di tali operazioni. In relazione alle sopraindicate finalit\u00e0, il trattamento dei dati personali avviene mediante strumenti manuali, informatici e telematici, con logiche strettamente correlate alle finalit\u00e0 stesse e, comunque, in modo da garantire la sicurezza e la riservatezza dati personali saranno dunque trattati nel rispetto delle modalit\u00e0 indicate nell\u2019art. 5 Reg.to UE 2016\/679, il quale prevede, tra l\u2019altro, che i dati siano trattati in modo lecito e secondo correttezza, raccolti e registrati per scopi determinati, espliciti e legittimi, esatti, e se necessario aggiornati, pertinenti, completi e non eccedenti rispetto alle finalit\u00e0 del trattamento, nel rispetto dei diritti e delle libert\u00e0 fondamentali, nonch\u00e9 della dignit\u00e0 dell\u2019interessato con particolare riferimento alla riservatezza e alla identit\u00e0 personale, mediante misure di protezione e sicurezza. La scrivente organizzazione ha predisposto e perfezioner\u00e0 ulteriormente il sistema di sicurezza di accesso e conservazione dei dati.<br \/>Non \u00e8 svolto un processo decisionale automatizzato (ad es. di profilazione).<br \/><strong>Trasferimenti extra UE<\/strong><br \/>Il trattamento avverr\u00e0 prevalentemente in Italia e UE, ma potrebbe anche svolgersi in paesi extra-UE ed extra-SEE qualora ritenuto funzionale all\u2019efficiente assolvimento delle finalit\u00e0 perseguite nel rispetto delle garanzie a favore degli interessati. Infine, il trattamento che si svolge in paesi extra-UE ed extra-SEE quando, su richiesta dell\u2019interessato le connessioni al sito provengono da tali paesi, \u00e8 fuori dalla responsabilit\u00e0 del Titolare del trattamento.<br \/><strong>Periodo di conservazione<\/strong><br \/>I dati personali saranno conservati, in generale, fintanto che perdurano le finalit\u00e0 del trattamento in funzione della categoria dei dati trattati.<br \/><strong>Categorie di destinatari<\/strong><br \/>I dati (solo quelli indispensabili) sono comunicati:<br \/>a incaricati e responsabili del trattamento, tanto interni all\u2019organizzazione della scrivente, quanto esterni, che svolgono specifici compiti ed operazioni (amministrazione del sito, analisi dei dati di navigazione, di traffico, di profilazione, gestione delle email e dei moduli inviati volontariamente dall\u2019utente, evasione delle richieste e degli ordini dell\u2019e-commerce, ecc.);<br \/>nei casi ed ai soggetti previsti dalla legge<br \/>I dati non saranno oggetto di diffusione a meno di disposizioni di legge contrarie ovvero previa anonimizzazione. Fatto salvo quanto specificato per i cookie ed elementi di terze parti, senza il preventivo generale consenso dell\u2019interessato alle comunicazioni a terzi, sar\u00e0 possibile dar corso esclusivamente ai servizi che non prevedono tali comunicazioni. In caso di necessit\u00e0 saranno richiesti specifici e puntuali consensi e i soggetti che riceveranno i dati li utilizzeranno in qualit\u00e0 di autonomi titolari.<br \/>In alcuni casi (non oggetto dell\u2019ordinaria gestione di questo sito) l\u2019Autorit\u00e0 pu\u00f2 richiedere notizie e informazioni, ai fini del controllo sul trattamento dei dati personali. In questi casi la risposta \u00e8 obbligatoria a pena di sanzione amministrativa.<br \/><strong>Diritti dell\u2019interessato<\/strong><br \/>In ogni momento potr\u00e0: esercitare i Suoi diritti (accesso, rettifica, cancellazione, limitazione, portabilit\u00e0, opposizione, assenza di processi di decisione automatizzati) quando previsto nei confronti del titolare del trattamento, ai sensi degli artt. dal 15 al 22 del GDPR (norma); proporre reclamo al Garante (www.garanteprivacy.it); qualora il trattamento si basi sul consenso, revocare tale consenso prestato, tenuto conto che la revoca del consenso non pregiudica la liceit\u00e0 del trattamento basata sul consenso prima della revoca.<br \/><strong>Recapiti e contatti<\/strong><br \/>Il Titolare del trattamento ed il Responsabile della Protezione dei Dati sono raggiungibili scrivendo a <a href=\"mailto:info@cadone.it\">info@cadone.it.<\/a><br \/>L\u2019elenco completo dei responsabili del trattamento \u00e8 disponibile a richiesta.<br \/>Il presente documento costituisce la Web Policy del sito info@cadone.it e sar\u00e0 soggetto ad aggiornamenti. \u00c8 a cura dell\u2019utente consultare il documento e i suoi aggiornamenti.<\/p>\n\n\t\t<\/div>\n\t<\/div>\n<\/div><\/div><\/div><\/div><\/div><\/div><\/div>","protected":false},"excerpt":{"rendered":"INFORMATIVA PRIVACY SITO WEB WWW.CADONE.IT artt. 13-14 del Reg.to UE 2016\/679Con la presente, informiamo gli utenti, ai sensi dell\u2019art. 13-14 del Reg.to UE 2016\/679, in merito al trattamento dei dati personali effettuati tramite questo sito web.Il trattamento dei dati personali avviene nel rispetto della vigente normativa in materia di protezione dei dati personali ed \u00e8 [...]","protected":false},"author":1,"featured_media":0,"parent":0,"menu_order":0,"comment_status":"closed","ping_status":"closed","template":"","meta":{"footnotes":""},"class_list":["post-3","page","type-page","status-publish","hentry"],"_links":{"self":[{"href":"https:\/\/cadone.it\/en\/wp-json\/wp\/v2\/pages\/3","targetHints":{"allow":["GET"]}}],"collection":[{"href":"https:\/\/cadone.it\/en\/wp-json\/wp\/v2\/pages"}],"about":[{"href":"https:\/\/cadone.it\/en\/wp-json\/wp\/v2\/types\/page"}],"author":[{"embeddable":true,"href":"https:\/\/cadone.it\/en\/wp-json\/wp\/v2\/users\/1"}],"replies":[{"embeddable":true,"href":"https:\/\/cadone.it\/en\/wp-json\/wp\/v2\/comments?post=3"}],"version-history":[{"count":5,"href":"https:\/\/cadone.it\/en\/wp-json\/wp\/v2\/pages\/3\/revisions"}],"predecessor-version":[{"id":3584,"href":"https:\/\/cadone.it\/en\/wp-json\/wp\/v2\/pages\/3\/revisions\/3584"}],"wp:attachment":[{"href":"https:\/\/cadone.it\/en\/wp-json\/wp\/v2\/media?parent=3"}],"curies":[{"name":"wp","href":"https:\/\/api.w.org\/{rel}","templated":true}]}}